{"id":49,"date":"2015-11-25T12:07:15","date_gmt":"2015-11-25T12:07:15","guid":{"rendered":"https:\/\/8degreethemes.com\/demo\/eightmedi-pro\/?page_id=49"},"modified":"2021-03-15T14:13:06","modified_gmt":"2021-03-15T17:13:06","slug":"homepage","status":"publish","type":"page","link":"https:\/\/udibh.com.br\/","title":{"rendered":"Home Page"},"content":{"rendered":"\n<h2>Unidade de Diagn\u00f3stico por Imagem &#8211; UDI<\/h2>\n\n\n\n<br><p style=\"font-size:17px\">A<strong> Cl\u00ednica UDI<\/strong> &#8211; Unidade de Diagn\u00f3stico por Imagem est\u00e1 h\u00e1 mais de 20 anos no mercado, sendo a primeira a oferecer exames de ultrassom tridimensional em Minas Gerais.<\/p>\n\n\n\n<p style=\"font-size:17px\">S\u00e3o prestados servi\u00e7os de Ultrassom, Ultrassom 3D, Mamografia, Doppler colorido, pun\u00e7\u00f5es, bi\u00f3psias e Densitometria \u00d3ssea. Estamos localizados em Belo Horizonte e contamos com uma equipe de oito m\u00e9dicos funcionando de segunda \u00e0 sexta de 7:30 \u00e0s 19:00 e aos s\u00e1bados de 8:00 \u00e0s 12:00.<\/p><br>\n\n\n\n<div class=\"wp-block-columns\">\n<div class=\"wp-block-column\">\n<p class=\"has-text-align-center has-medium-font-size\"><span class=\"has-inline-color has-vivid-cyan-blue-color\"><strong>MISS\u00c3O<\/strong><\/span><\/p>\n\n\n\n<p class=\"has-text-align-center\" style=\"font-size:17px\">Oferecer atendimento m\u00e9dico e de sa\u00fade com tecnologia avan\u00e7ada, proporcionando diagn\u00f3sticos precisos, de alto n\u00edvel, com efici\u00eancia e efic\u00e1cia, priorizando o bem estar, a seguran\u00e7a e as necessidades de cada paciente.<\/p>\n<\/div>\n\n\n\n<div class=\"wp-block-column\">\n<p class=\"has-text-align-center has-medium-font-size\"><span class=\"has-inline-color has-vivid-cyan-blue-color\"><strong>VIS\u00c3O<\/strong><\/span><\/p>\n\n\n\n<p class=\"has-text-align-center\" style=\"font-size:17px\">Ser reconhecida como refer\u00eancia em diagn\u00f3sticos por imagem, com qualidade e celeridade no atendimento.<\/p>\n<\/div>\n\n\n\n<div class=\"wp-block-column\">\n<p class=\"has-text-align-center has-medium-font-size\"><span class=\"has-inline-color has-vivid-cyan-blue-color\"><strong>VALORES<\/strong><\/span><\/p>\n\n\n\n<p class=\"has-text-align-center\" style=\"font-size:17px\">&#8211; Respeito ao Ser Humano<br>&#8211; Compromisso com a qualidade<br>&#8211; Responsabilidade social e ambiental<br>&#8211; Profissionalismo<br>&#8211; Seguran\u00e7a<br>&#8211; \u00c9tica<\/p>\n<\/div>\n<\/div>\n\n\n\n<p style=\"font-size:17px\">Estamos sempre \u00e0 sua disposi\u00e7\u00e3o.<\/p><br><br>\n\n\n\n<div class=\"wp-block-columns\">\n<div class=\"wp-block-column\">\n<div class=\"wp-block-image\"><figure class=\"aligncenter size-large\"><img loading=\"lazy\" width=\"303\" height=\"148\" src=\"http:\/\/udibh.com.br\/site\/wp-content\/uploads\/2021\/01\/exames.png\" alt=\"\" class=\"wp-image-623\" srcset=\"https:\/\/udibh.com.br\/wp-content\/uploads\/2021\/01\/exames.png 303w, https:\/\/udibh.com.br\/wp-content\/uploads\/2021\/01\/exames-300x147.png 300w\" sizes=\"(max-width: 303px) 100vw, 303px\" \/><\/figure><\/div>\n\n\n\n<p class=\"has-text-align-center\" style=\"font-size:17px\">Fazemos exames de Ultrassom, Ultrassom 3D, Ultrassom Perineal, Endometriose,  Mamografia, Doppler colorido, pun\u00e7\u00f5es, bi\u00f3psias e Densitometria \u00d3ssea.<\/p>\n<\/div>\n\n\n\n<div class=\"wp-block-column\">\n<div class=\"wp-block-image\"><figure class=\"aligncenter size-large\"><img loading=\"lazy\" width=\"303\" height=\"148\" src=\"http:\/\/udibh.com.br\/site\/wp-content\/uploads\/2021\/01\/Convenios-1.png\" alt=\"\" class=\"wp-image-621\" srcset=\"https:\/\/udibh.com.br\/wp-content\/uploads\/2021\/01\/Convenios-1.png 303w, https:\/\/udibh.com.br\/wp-content\/uploads\/2021\/01\/Convenios-1-300x147.png 300w\" sizes=\"(max-width: 303px) 100vw, 303px\" \/><\/figure><\/div>\n\n\n\n<p class=\"has-text-align-center\" style=\"font-size:17px\">Temos atualmente, quase 30 conv\u00eanios. Trabalhamos para que nossos servi\u00e7os sejam o mais abrangentes poss\u00edvel.<\/p>\n<\/div>\n\n\n\n<div class=\"wp-block-column\">\n<div class=\"wp-block-image\"><figure class=\"aligncenter size-large\"><img loading=\"lazy\" width=\"303\" height=\"148\" src=\"http:\/\/udibh.com.br\/site\/wp-content\/uploads\/2021\/01\/horario_funcionamento-2.png\" alt=\"\" class=\"wp-image-620\" srcset=\"https:\/\/udibh.com.br\/wp-content\/uploads\/2021\/01\/horario_funcionamento-2.png 303w, https:\/\/udibh.com.br\/wp-content\/uploads\/2021\/01\/horario_funcionamento-2-300x147.png 300w\" sizes=\"(max-width: 303px) 100vw, 303px\" \/><\/figure><\/div>\n\n\n\n<p class=\"has-text-align-center\" style=\"font-size:17px\">Fique atento aos nossos hor\u00e1rios de funcionamento: Segundas a Sextas, de 7:30 \u00e0s 19:00 S\u00e1bados, de 8:00 \u00e0s 12:00<\/p>\n<\/div>\n<\/div>\n\n\n\n<p><\/p>\n","protected":false},"excerpt":{"rendered":"<p>Unidade de Diagn\u00f3stico por Imagem &#8211; UDI A Cl\u00ednica UDI &#8211; Unidade de Diagn\u00f3stico por Imagem est\u00e1 h\u00e1 mais de 20 anos no mercado, sendo a primeira a oferecer exames de ultrassom tridimensional em Minas Gerais. S\u00e3o prestados servi\u00e7os de Ultrassom, Ultrassom 3D, Mamografia, Doppler colorido, pun\u00e7\u00f5es, bi\u00f3psias e Densitometria \u00d3ssea. Estamos localizados em Belo [&hellip;]<\/p>\n","protected":false},"author":1,"featured_media":0,"parent":0,"menu_order":0,"comment_status":"closed","ping_status":"open","template":"template-home.php","meta":[],"_links":{"self":[{"href":"https:\/\/udibh.com.br\/index.php?rest_route=\/wp\/v2\/pages\/49"}],"collection":[{"href":"https:\/\/udibh.com.br\/index.php?rest_route=\/wp\/v2\/pages"}],"about":[{"href":"https:\/\/udibh.com.br\/index.php?rest_route=\/wp\/v2\/types\/page"}],"author":[{"embeddable":true,"href":"https:\/\/udibh.com.br\/index.php?rest_route=\/wp\/v2\/users\/1"}],"replies":[{"embeddable":true,"href":"https:\/\/udibh.com.br\/index.php?rest_route=%2Fwp%2Fv2%2Fcomments&post=49"}],"version-history":[{"count":35,"href":"https:\/\/udibh.com.br\/index.php?rest_route=\/wp\/v2\/pages\/49\/revisions"}],"predecessor-version":[{"id":796,"href":"https:\/\/udibh.com.br\/index.php?rest_route=\/wp\/v2\/pages\/49\/revisions\/796"}],"wp:attachment":[{"href":"https:\/\/udibh.com.br\/index.php?rest_route=%2Fwp%2Fv2%2Fmedia&parent=49"}],"curies":[{"name":"wp","href":"https:\/\/api.w.org\/{rel}","templated":true}]}}