{"id":546,"date":"2020-09-11T10:56:18","date_gmt":"2020-09-11T13:56:18","guid":{"rendered":"http:\/\/udibh.com.br\/site\/?page_id=546"},"modified":"2024-04-30T17:33:35","modified_gmt":"2024-04-30T20:33:35","slug":"exames","status":"publish","type":"page","link":"https:\/\/udibh.com.br\/?page_id=546","title":{"rendered":"Exames"},"content":{"rendered":"\n<h2><strong>Ultrassom<\/strong><\/h2>\n\n\n\n<p>\u00c9 uma t\u00e9cnica de diagn\u00f3stico por imagem, que utiliza os ecos produzidos pelas reflex\u00f5es das ondas do ultrassom enquanto estas atravessam os tecidos dos \u00f3rg\u00e3os estudados, produzindo uma imagem no monitor do aparelho em tempo real. Trata-se de uns dos principais m\u00e9todos de diagn\u00f3stico, permitindo ao m\u00e9dico visualizar e estudar estruturas anat\u00f4micas internas. O ultrassom n\u00e3o utiliza nenhum tipo de radia\u00e7\u00e3o e n\u00e3o apresenta efeitos colaterais.<\/p><br>\n\n\n\n<div class=\"wp-block-image\"><figure class=\"aligncenter size-large is-resized\"><img loading=\"lazy\" src=\"http:\/\/udibh.com.br\/wp-content\/uploads\/2021\/01\/ultrassom-1024x768.jpeg\" alt=\"\" class=\"wp-image-751\" width=\"460\" height=\"345\" srcset=\"https:\/\/udibh.com.br\/wp-content\/uploads\/2021\/01\/ultrassom-1024x768.jpeg 1024w, https:\/\/udibh.com.br\/wp-content\/uploads\/2021\/01\/ultrassom-300x225.jpeg 300w, https:\/\/udibh.com.br\/wp-content\/uploads\/2021\/01\/ultrassom-768x576.jpeg 768w, https:\/\/udibh.com.br\/wp-content\/uploads\/2021\/01\/ultrassom.jpeg 1280w\" sizes=\"(max-width: 460px) 100vw, 460px\" \/><\/div>\n\n\n\n<h3><strong>Preparos para exames de ultrassons<\/strong><\/h3>\n\n\n\n<h4><strong>US abdome total e US abdome superior<\/strong><\/h4>\n\n\n\n<ul><li>Crian\u00e7as de at\u00e9 3 anos devem suspender a ultima refei\u00e7\u00e3o ou mamada antes do hor\u00e1rio de exame..<\/li><li>Idosos acima de 80 anos fazer somente o jejum.<\/li><li>Diab\u00e9ticos realizar todo o preparo. N\u00e3o \u00e9 necess\u00e1rio suspender medica\u00e7\u00e3o exceto os que fazem uso de insulina que dever\u00e3o aplicar a medica\u00e7\u00e3o ap\u00f3s a primeira refei\u00e7\u00e3o ap\u00f3s o exame.<\/li><li>Pacientes p\u00f3s-operat\u00f3rios, ostomizados, com diarr\u00e9ia, deve consultar o servi\u00e7o ou seu m\u00e9dico antes de realizar o preparo.<\/li><li>Paciente que realizou endoscopia aguardar no m\u00ednimo 3 dias para realizar o exame de ultrassom abdominal total e superior.<\/li><\/ul>\n\n\n\n<h4><strong>US abdome total (per\u00edodo da manh\u00e3)<\/strong><\/h4>\n\n\n\n<p>Preparo a ser realizado no dia anterior ao exame:<\/p>\n\n\n\n<ol type=\"1\"><li>Evitar leite e seus derivados.<\/li><li>Evitar comidas gordurosas e l\u00edquidos gaseificados.<\/li><li>Realizar um jejum de 8:00 horas antes do exame.<\/li><li>No dia do exame bexiga cheia (beber 4 copos de \u00e1gua).<\/li><\/ol>\n\n\n\n<h4><strong>US abdome total (per\u00edodo da tarde)<\/strong><\/h4>\n\n\n\n<ol type=\"1\"><li>Realizar uma alimenta\u00e7\u00e3o leve no caf\u00e9 da manh\u00e3 (torradas, caf\u00e9, ch\u00e1 ou \u00e1gua) evitando leite e derivados do leite.<\/li><li>Realizar o jejum de 6 horas antes do exame.<\/li><\/ol>\n\n\n\n<h4><strong>US abdome superior<\/strong><\/h4>\n\n\n\n<p>Preparo a ser realizado no dia anterior ao exame:<\/p>\n\n\n\n<ol type=\"1\"><li>Evitar leite e seus derivados.<\/li><li>Evitar comidas gordurosas e l\u00edquidos gaseificados.<\/li><li>Realizar um jejum de 08h00min horas antes do exame.<\/li><\/ol>\n\n\n\n<h4><strong>US de aparelho urin\u00e1rio, p\u00e9lvico feminino ou transabdominal, p\u00e9lvico masculino (prost\u00e1tico via abdminal)<\/strong><\/h4>\n\n\n\n<ol type=\"1\"><li>Marcar n\u00f3s primeiros hor\u00e1rios das agendas dos m\u00e9dicos.<\/li><li>Duas horas antes do exame, beber 6 copos de \u00e1gua.<\/li><li>N\u00e3o urinar antes do exame, e comparecer de bexiga cheia para sua realiza\u00e7\u00e3o.<\/li><\/ol>\n\n\n\n<p class=\"has-text-align-center\"><strong><span class=\"has-inline-color has-vivid-red-color\">N\u00e3o realizamos us aparelho urin\u00e1rio com estudo din\u00e2mico<\/span><\/strong><\/p>\n\n\n\n<h4><strong>US transvaginal ou endovaginal<\/strong><\/h4>\n\n\n\n<p>\u00c9 um exame realizado por via vaginal.<\/p>\n\n\n\n<ol type=\"1\"><li>Paciente deve estar de bexiga vazia para realiza\u00e7\u00e3o do exame.<\/li><li>Pacientes em per\u00edodo menstrual pode realizar o exame normalmente.<\/li><\/ol>\n\n\n\n<h4><strong>US obst\u00e9tricos<\/strong><\/h4>\n\n\n\n<ol type=\"1\"><li>1\u00ba trimenstre: at\u00e9 11\u00aa semanas e 6 dias (endovaginal)<\/li><li>Transluc\u00eancia nucal: da 12\u00aa semana at\u00e9 a 13\u00aa e 6 dias (endovaginal ou transabdominal)<\/li><li>Morfol\u00f3gica: entre a 20\u00aa e a 24\u00aa semana.<\/li><li>Perfil biof\u00edsico fetal \u2013 pbf: ap\u00f3s a 26\u00aa semana.<\/li><\/ol>\n\n\n\n<p><strong>Importante:<\/strong><\/p>\n\n\n\n<ul><li>A paciente deve realizar uma alimenta\u00e7\u00e3o leve 1 hora antes da realiza\u00e7\u00e3o do exame.<\/li><li>Trazer exames anteriores e cart\u00e3o da gestante.<\/li><\/ul>\n\n\n\n<h4><strong>US tireoide<\/strong><\/h4>\n\n\n\n<ul><li>Exame realizado sem necessidade de preparo.<\/li><\/ul>\n\n\n\n<h4><strong>US bolsa escrotal<\/strong><\/h4>\n\n\n\n<ul><li>Exame realizado sem necessidade de preparo.<\/li><\/ul>\n\n\n\n<h4><strong>US mama e US axilar<\/strong><\/h4>\n\n\n\n<ul><li>Paciente dever\u00e1 evitar passar cosm\u00e9ticos nas mamas e axilas (ex: cremes, desodorantes).<\/li><\/ul><br>\n\n\n\n<div class=\"wp-block-image\"><figure class=\"aligncenter size-large is-resized\"><img loading=\"lazy\" src=\"http:\/\/udibh.com.br\/wp-content\/uploads\/2021\/01\/mama-940x1024.png\" alt=\"\" class=\"wp-image-761\" width=\"433\" height=\"457\"\/><\/figure><\/div>\n\n\n\n<h4><strong>ULTRASSOM PERINEAL<\/strong><\/h4>\n\n\n\n<p>T\u00e9cnica de ultrassonografia tridimensional (3-D) que permite avaliar a regi\u00e3o perineal e tem grande sensibilidade para o diagn\u00f3stico de:<\/p>\n\n\n\n<ol type=\"1\"><li><strong>Incontin\u00eancia urin\u00e1ria de esfor\u00e7o<\/strong>: m\u00e9todo pouco invasivo e muito bem tolerado pelas pacientes, com sensibilidade semelhante ao estudo urodin\u00e2mico<\/li><li><strong>Roturas perineais e de esf\u00edncter anal<\/strong>: determina com precis\u00e3o a extens\u00e3o e o local das les\u00f5es<\/li><li><strong>Prolapsos genitais<\/strong>: diagn\u00f3stico e determina\u00e7\u00e3o do grau dos prolapsos uterinos, cistoceles, retoceles e enteroceles<\/li><\/ol>\n\n\n\n<p>Ferramenta importante para a avalia\u00e7\u00e3o pr\u00e9-operat\u00f3ria, com alta precis\u00e3o diagn\u00f3stica, cada vez mais utilizada pelos cirurgi\u00f5es, para diagn\u00f3stico preciso da associa\u00e7\u00e3o de patologias, diagn\u00f3stico diferencial (ex. enterocele e retocele alta), e a determina\u00e7\u00e3o dos graus dos prolapsos<br><br><br><\/p>\n\n\n\n<div class=\"wp-block-image\"><figure class=\"aligncenter size-large\"><img loading=\"lazy\" width=\"640\" height=\"424\" src=\"http:\/\/udibh.com.br\/wp-content\/uploads\/2021\/03\/FIGURA1.jpg\" alt=\"\" class=\"wp-image-797\" srcset=\"https:\/\/udibh.com.br\/wp-content\/uploads\/2021\/03\/FIGURA1.jpg 640w, https:\/\/udibh.com.br\/wp-content\/uploads\/2021\/03\/FIGURA1-300x199.jpg 300w\" sizes=\"(max-width: 640px) 100vw, 640px\" \/><figcaption><strong>Hiato genital<\/strong><br><br><\/figcaption><\/figure><\/div><br><br>\n\n\n\n<div class=\"wp-block-image\"><figure class=\"aligncenter size-large\"><img loading=\"lazy\" width=\"640\" height=\"419\" src=\"http:\/\/udibh.com.br\/wp-content\/uploads\/2021\/03\/Figura2.jpg\" alt=\"\" class=\"wp-image-798\" srcset=\"https:\/\/udibh.com.br\/wp-content\/uploads\/2021\/03\/Figura2.jpg 640w, https:\/\/udibh.com.br\/wp-content\/uploads\/2021\/03\/Figura2-300x196.jpg 300w\" sizes=\"(max-width: 640px) 100vw, 640px\" \/><figcaption><strong>Hiato genital<\/strong><br><br><\/figcaption><\/figure><\/div><br><br>\n\n\n\n<div class=\"wp-block-image\"><figure class=\"aligncenter size-large\"><img loading=\"lazy\" width=\"640\" height=\"452\" src=\"http:\/\/udibh.com.br\/wp-content\/uploads\/2021\/03\/Figura3.jpg\" alt=\"\" class=\"wp-image-799\" srcset=\"https:\/\/udibh.com.br\/wp-content\/uploads\/2021\/03\/Figura3.jpg 640w, https:\/\/udibh.com.br\/wp-content\/uploads\/2021\/03\/Figura3-300x212.jpg 300w\" sizes=\"(max-width: 640px) 100vw, 640px\" \/><figcaption><strong>Esfincteres anal interno e externo<\/strong><br><br><\/figcaption><\/figure><\/div><br><br>\n\n\n\n<div class=\"wp-block-image\"><figure class=\"aligncenter size-large\"><img loading=\"lazy\" width=\"640\" height=\"452\" src=\"http:\/\/udibh.com.br\/wp-content\/uploads\/2021\/03\/Figura4.jpg\" alt=\"\" class=\"wp-image-800\" srcset=\"https:\/\/udibh.com.br\/wp-content\/uploads\/2021\/03\/Figura4.jpg 640w, https:\/\/udibh.com.br\/wp-content\/uploads\/2021\/03\/Figura4-300x212.jpg 300w\" sizes=\"(max-width: 640px) 100vw, 640px\" \/><figcaption><strong>Esfincteres anal interno e externo<\/strong><br><br><\/figcaption><\/figure><\/div><br><br>\n\n\n\n<div class=\"wp-block-image\"><figure class=\"aligncenter size-large\"><img loading=\"lazy\" width=\"640\" height=\"385\" src=\"http:\/\/udibh.com.br\/wp-content\/uploads\/2021\/03\/Figura5.jpg\" alt=\"\" class=\"wp-image-801\" srcset=\"https:\/\/udibh.com.br\/wp-content\/uploads\/2021\/03\/Figura5.jpg 640w, https:\/\/udibh.com.br\/wp-content\/uploads\/2021\/03\/Figura5-300x180.jpg 300w\" sizes=\"(max-width: 640px) 100vw, 640px\" \/><figcaption>Incontin\u00eancia urin\u00e1ria + cistoceles<\/figcaption><\/figure><\/div><br>\n\n\n\n<h4><strong>ENDOMETRIOSE:<\/strong><\/h4>\n\n\n\n<p>A endometriose \u00e9 uma doen\u00e7a que acomete cerca de 10% das mulheres nos anos reprodutivos, e em mais de 50% das mulheres inf\u00e9rteis. A endometriose profunda, al\u00e9m da infertilidade \u00e9 causa de dor, dismenorreia, dispareunia, com diagn\u00f3stico feito na maioria das vezes tardiamente, levando a grande sofrimento e cirurgias altamente invasivas nos casos mais graves sem diagn\u00f3stico pr\u00e9vio. A ultrassonografia \u00e9 o m\u00e9todo de escolha para o diagn\u00f3stico, com sensibilidade semelhante \u00e1 da RM. Requer preparo intestinal pr\u00e9vio, e deve ser realizado com profissional treinado e habilitado nesta t\u00e9cnica.<\/p>\n\n\n\n<div class=\"wp-block-image\"><figure class=\"aligncenter size-large\"><img loading=\"lazy\" width=\"640\" height=\"480\" src=\"http:\/\/udibh.com.br\/wp-content\/uploads\/2021\/03\/emdometrioseFig1.jpg\" alt=\"\" class=\"wp-image-802\" srcset=\"https:\/\/udibh.com.br\/wp-content\/uploads\/2021\/03\/emdometrioseFig1.jpg 640w, https:\/\/udibh.com.br\/wp-content\/uploads\/2021\/03\/emdometrioseFig1-300x225.jpg 300w\" sizes=\"(max-width: 640px) 100vw, 640px\" \/><figcaption>Foco de endometriose no f\u00f3rnix vaginal posterior<br><br><\/figcaption><\/figure><\/div>\n\n\n\n<div class=\"wp-block-image\"><figure class=\"aligncenter size-large\"><img loading=\"lazy\" width=\"918\" height=\"539\" src=\"http:\/\/udibh.com.br\/wp-content\/uploads\/2021\/03\/endometrioseFig2.jpg\" alt=\"\" class=\"wp-image-803\" srcset=\"https:\/\/udibh.com.br\/wp-content\/uploads\/2021\/03\/endometrioseFig2.jpg 918w, https:\/\/udibh.com.br\/wp-content\/uploads\/2021\/03\/endometrioseFig2-300x176.jpg 300w, https:\/\/udibh.com.br\/wp-content\/uploads\/2021\/03\/endometrioseFig2-768x451.jpg 768w\" sizes=\"(max-width: 918px) 100vw, 918px\" \/><figcaption>Foco de endometriose no t\u00f3rus uterino<br><br><\/figcaption><\/figure><\/div>\n\n\n\n<h4><strong>Pun\u00e7\u00e3o de tireo\u00edde<\/strong><\/h4>\n\n\n\n<ul><li>Exame marcado pessoalmente ou por um respons\u00e1vel.<\/li><li>Para marca\u00e7\u00e3o: paciente dever\u00e1 trazer exame anterior relacionado ao exame (us tireo\u00edde), pedido m\u00e9dico, carteira do conv\u00eanio e identidade (para marca\u00e7\u00e3o pode ser c\u00f3pia, no dia do exame o original).<\/li><li>Paciente dever\u00e1 preencher o termo de consentimento informado e trazer no dia do exame.<\/li><\/ul>\n\n\n\n<p><strong>Obs:<\/strong> pacientes que realizaram os \u00faltimos exames anteriores na cl\u00ednica favor entrar em contato para a marca\u00e7\u00e3o.<\/p>\n\n\n\n<h4><strong>Pun\u00e7\u00e3o da mama e axilar<\/strong><\/h4>\n\n\n\n<ul><li>Exame marcado pessoalmente ou por um respons\u00e1vel.<\/li><li>Para marca\u00e7\u00e3o: paciente dever\u00e1 trazer exames anteriores (ex: mamografia, us de mama, us axila, resson\u00e2ncia) pedido m\u00e9dico, carteira do conv\u00eanio e identidade (para marca\u00e7\u00e3o pode ser c\u00f3pia, no dia do exame o original).<\/li><li>Paciente dever\u00e1 preencher o termo de consentimento informado e trazer no dia do exame.<\/li><\/ul>\n\n\n\n<p><strong>Obs:<\/strong> pacientes que realizaram os \u00faltimos exames anteriores na cl\u00ednica favor entrar em contato para a marca\u00e7\u00e3o.<\/p>\n\n\n\n<h4><strong>Marca\u00e7\u00e3o pr\u00e9 cir\u00fargica \u2013 agulhamento por ultrassom e mamografia<\/strong><\/h4>\n\n\n\n<ul><li>Exame marcado pessoalmente ou por um respons\u00e1vel.<\/li><li>Paciente dever\u00e1 trazer exames anteriores (ex: mamografia, us de mama, us axila, resson\u00e2ncia) pedido m\u00e9dico, carteira do conv\u00eanio e identidade (para marca\u00e7\u00e3o pode ser c\u00f3pia, no dia do exame o original).<\/li><li>Paciente dever\u00e1 preencher o termo de consentimento informado e trazer no dia do exame.<\/li><\/ul>\n\n\n\n<p><strong>Obs:<\/strong> pacientes que realizaram os \u00faltimos exames anteriores na cl\u00ednica favor entrar em contato para a marca\u00e7\u00e3o.<\/p>\n\n\n\n<h4>Densitometria \u00d3ssea<\/h4>\n\n\n\n<p>M\u00e9todo de diagn\u00f3stico para osteoporose e osteopenia. \u00c9 considerado o exame de refer\u00eancia para se medir a densidade mineral \u00f3ssea em v\u00e1rios locais do corpo. N\u00e3o necessita de preparo nem estar em jejum.<\/p>\n\n\n\n<ul><li>Coluna<\/li><li>F\u00eamur<\/li><li>Antebra\u00e7o<\/li><li>Corpo total<\/li><li>Composi\u00e7\u00e3o corporal (percentual de gordura)<\/li><\/ul>\n\n\n\n<div class=\"wp-block-image\"><figure class=\"aligncenter size-large is-resized\"><img loading=\"lazy\" src=\"http:\/\/udibh.com.br\/wp-content\/uploads\/2021\/01\/densi-1024x787.jpeg\" alt=\"\" class=\"wp-image-766\" width=\"504\" height=\"387\" srcset=\"https:\/\/udibh.com.br\/wp-content\/uploads\/2021\/01\/densi-1024x787.jpeg 1024w, https:\/\/udibh.com.br\/wp-content\/uploads\/2021\/01\/densi-300x231.jpeg 300w, https:\/\/udibh.com.br\/wp-content\/uploads\/2021\/01\/densi-768x590.jpeg 768w, https:\/\/udibh.com.br\/wp-content\/uploads\/2021\/01\/densi.jpeg 1280w\" sizes=\"(max-width: 504px) 100vw, 504px\" \/><\/figure><\/div>\n\n\n\n<p><strong>Obs:<\/strong> pacientes que realizaram os \u00faltimos exames anteriores na cl\u00ednica favor entrar em contato para a marca\u00e7\u00e3o.<\/p>\n\n\n\n<p><\/p>\n","protected":false},"excerpt":{"rendered":"<p>Ultrassom \u00c9 uma t\u00e9cnica de diagn\u00f3stico por imagem, que utiliza os ecos produzidos pelas reflex\u00f5es das ondas do ultrassom enquanto estas atravessam os tecidos dos \u00f3rg\u00e3os estudados, produzindo uma imagem no monitor do aparelho em tempo real. Trata-se de uns dos principais m\u00e9todos de diagn\u00f3stico, permitindo ao m\u00e9dico visualizar e estudar estruturas anat\u00f4micas internas. O [&hellip;]<\/p>\n","protected":false},"author":1,"featured_media":0,"parent":0,"menu_order":0,"comment_status":"closed","ping_status":"closed","template":"","meta":[],"_links":{"self":[{"href":"https:\/\/udibh.com.br\/index.php?rest_route=\/wp\/v2\/pages\/546"}],"collection":[{"href":"https:\/\/udibh.com.br\/index.php?rest_route=\/wp\/v2\/pages"}],"about":[{"href":"https:\/\/udibh.com.br\/index.php?rest_route=\/wp\/v2\/types\/page"}],"author":[{"embeddable":true,"href":"https:\/\/udibh.com.br\/index.php?rest_route=\/wp\/v2\/users\/1"}],"replies":[{"embeddable":true,"href":"https:\/\/udibh.com.br\/index.php?rest_route=%2Fwp%2Fv2%2Fcomments&post=546"}],"version-history":[{"count":30,"href":"https:\/\/udibh.com.br\/index.php?rest_route=\/wp\/v2\/pages\/546\/revisions"}],"predecessor-version":[{"id":859,"href":"https:\/\/udibh.com.br\/index.php?rest_route=\/wp\/v2\/pages\/546\/revisions\/859"}],"wp:attachment":[{"href":"https:\/\/udibh.com.br\/index.php?rest_route=%2Fwp%2Fv2%2Fmedia&parent=546"}],"curies":[{"name":"wp","href":"https:\/\/api.w.org\/{rel}","templated":true}]}}