{"id":663,"date":"2021-01-06T08:51:19","date_gmt":"2021-01-06T11:51:19","guid":{"rendered":"http:\/\/udibh.com.br\/site\/?page_id=663"},"modified":"2021-01-12T09:03:27","modified_gmt":"2021-01-12T12:03:27","slug":"ultrassom-3d","status":"publish","type":"page","link":"https:\/\/udibh.com.br\/?page_id=663","title":{"rendered":"Ultrassom 3D"},"content":{"rendered":"\n<p style=\"font-size:17px\">Depoimento de <strong>Dr. Odilon Campos de Queiroz<\/strong>:<br>&#8220;Quando tive o primeiro contato com o m\u00e9todo da Ultra-sonografia em 1975, n\u00e3o imaginava que um dia, pud\u00e9ssemos chegar aonde chegamos. Eu mesmo n\u00e3o acreditei no m\u00e9todo, as imagens eram muito pobres em detalhes. A evolu\u00e7\u00e3o da Ultra-sonografia nas \u00faltimas d\u00e9cadas foi t\u00e3o grande e t\u00e3o r\u00e1pida, que nos leva a imaginar um futuro muito pr\u00f3ximo cheio de grandes novidades&#8221;.<\/p><br>\n\n\n\n<div class=\"wp-block-media-text alignwide is-stacked-on-mobile\" style=\"grid-template-columns:27% auto\"><figure class=\"wp-block-media-text__media\"><img loading=\"lazy\" width=\"195\" height=\"179\" src=\"http:\/\/udibh.com.br\/wp-content\/uploads\/2021\/01\/us3d1.jpg\" alt=\"\" class=\"wp-image-672\"\/><\/figure><div class=\"wp-block-media-text__content\">\n<p style=\"font-size:17px\">A ultra-sonografia tem um papel important\u00edssimo no pr\u00e9-natal, seja ele de alto risco ou n\u00e3o. Todo o empenho vem sendo utilizado em benef\u00edcio do diagn\u00f3stico pr\u00e9-natal. O avan\u00e7o mais recente sem d\u00favida \u00e9 a Ultra-sonografia volum\u00e9trica ou tridimensional que chega com um papel muito importante nos ofertando uma imagem quase real do nosso objetivo que \u00e9 o feto.<\/p>\n<\/div><\/div>\n\n\n\n<br><p style=\"font-size:17px\">O Ultra-som tridimensional \u00e9 uma t\u00e9cnica que permite construir uma imagem formada por v\u00e1rios planos. \u00c9 uma imagem que apesar de ser exibida em uma tela bidimensional, \u00e9 chamada de tridimensional por ser dotada de perspectiva dando \u00e0 imagem um realismo fotogr\u00e1fico.<\/p><br>\n\n\n\n<p style=\"font-size:17px\">A imagem ultra-sonogr\u00e1fica convencional \u00e9 um corte do objeto estudado, Por exemplo, em um ultra-som obst\u00e9trico, uma imagem do cr\u00e2nio evidenciaria uma fina camada representando a pele, outra o Cr\u00e2nio e outra o enc\u00e9falo. O ultra-som 3d evidenciaria olhos, boca, nariz, em fim, uma imagem em perspectiva do rosto do feto.<\/p><br>\n\n\n\n<div class=\"wp-block-columns\">\n<div class=\"wp-block-column\">\n<div class=\"wp-block-image\"><figure class=\"aligncenter size-large\"><img loading=\"lazy\" width=\"235\" height=\"210\" src=\"http:\/\/udibh.com.br\/wp-content\/uploads\/2021\/01\/us2d1.jpg\" alt=\"\" class=\"wp-image-688\"\/><figcaption>Imagem 2D<\/figcaption><\/figure><\/div>\n<\/div>\n\n\n\n<div class=\"wp-block-column\">\n<div class=\"wp-block-image\"><figure class=\"aligncenter size-large\"><img loading=\"lazy\" width=\"243\" height=\"212\" src=\"http:\/\/udibh.com.br\/wp-content\/uploads\/2021\/01\/us3d2-1.jpg\" alt=\"\" class=\"wp-image-689\"\/><figcaption>Imagem 3D<\/figcaption><\/figure><\/div>\n<\/div>\n<\/div>\n\n\n\n<p style=\"font-size:17px\">A <b>UDI<\/b> foi a primeira a oferecer o ultra-som 3D em Minas Gerais. Utilizando o equipamento a Aloka ( SSD 1700 Dyna View II ) equipado com o m\u00f3dulo de volume ( Volume Mode ). Este equipamento \u00e9 capaz de formar a imagem de boa defini\u00e7\u00e3o em um tempo muito r\u00e1pido. O seu transdutor embora mais pesado ( 900 gr. ), \u00e9 extremamente f\u00e1cil de aplicar. Colocando-se sobre a regi\u00e3o que se deseja obter a imagem, pressiona-se uma tecla e imediatamente o equipamento inicia a varredura automaticamente nos dando uma resposta imediata, o processo entre a varredura e obten\u00e7\u00e3o da imagem \u00e9 de apenas 04 segundos.<\/p><br>\n\n\n\n<div class=\"wp-block-media-text alignwide is-stacked-on-mobile\" style=\"grid-template-columns:27% auto\"><figure class=\"wp-block-media-text__media\"><img loading=\"lazy\" width=\"208\" height=\"194\" src=\"http:\/\/udibh.com.br\/wp-content\/uploads\/2021\/01\/us3d3.jpg\" alt=\"\" class=\"wp-image-696\"\/><\/figure><div class=\"wp-block-media-text__content\">\n<p style=\"font-size:17px\">A maior dificuldade encontra-se nas condi\u00e7\u00f5es em que encontramos durante a realiza\u00e7\u00e3o do exame. Costumamos dizer que este \u00e9 um exame feto-dependente, ou seja, depende da posi\u00e7\u00e3o como tamb\u00e9m da quantidade de l\u00edquido amni\u00f3tico. Outras estruturas como placenta e parede uterina podem interferir e dificultar na boa obten\u00e7\u00e3o da imagem.<\/p>\n\n\n\n<p style=\"font-size:17px\">A movimenta\u00e7\u00e3o fetal e at\u00e9 mesmo a respira\u00e7\u00e3o materna s\u00e3o outros fatores de dificuldades a serem vencido, n\u00e3o \u00e9 uma m\u00e1gica \u00e9 uma t\u00e9cnica , e n\u00e3o invasiva, n\u00e3o podemos retirar a m\u00e3o, cord\u00e3o, ou algo que esteja exatamente trocando aquilo que se quer examinar.<\/p>\n<\/div><\/div>\n\n\n\n<br><p style=\"font-size:17px\">Diz ainda o Dr. Odilon: &#8220;Mas vencidas estas adversidades s\u00f3 nos resta escolher e posicionar bem o transdutor e buscar a imagem desejada. Costumo dizer tamb\u00e9m que o resultado obtido \u00e9 traduzido pelos pais com uma grande euforia e emo\u00e7\u00e3o, e que esse \u00e9 um &#8220;momento m\u00e1gico&#8221;.<\/p>\n","protected":false},"excerpt":{"rendered":"<p>Depoimento de Dr. Odilon Campos de Queiroz:&#8220;Quando tive o primeiro contato com o m\u00e9todo da Ultra-sonografia em 1975, n\u00e3o imaginava que um dia, pud\u00e9ssemos chegar aonde chegamos. Eu mesmo n\u00e3o acreditei no m\u00e9todo, as imagens eram muito pobres em detalhes. A evolu\u00e7\u00e3o da Ultra-sonografia nas \u00faltimas d\u00e9cadas foi t\u00e3o grande e t\u00e3o r\u00e1pida, que nos [&hellip;]<\/p>\n","protected":false},"author":1,"featured_media":0,"parent":0,"menu_order":0,"comment_status":"closed","ping_status":"closed","template":"","meta":[],"_links":{"self":[{"href":"https:\/\/udibh.com.br\/index.php?rest_route=\/wp\/v2\/pages\/663"}],"collection":[{"href":"https:\/\/udibh.com.br\/index.php?rest_route=\/wp\/v2\/pages"}],"about":[{"href":"https:\/\/udibh.com.br\/index.php?rest_route=\/wp\/v2\/types\/page"}],"author":[{"embeddable":true,"href":"https:\/\/udibh.com.br\/index.php?rest_route=\/wp\/v2\/users\/1"}],"replies":[{"embeddable":true,"href":"https:\/\/udibh.com.br\/index.php?rest_route=%2Fwp%2Fv2%2Fcomments&post=663"}],"version-history":[{"count":26,"href":"https:\/\/udibh.com.br\/index.php?rest_route=\/wp\/v2\/pages\/663\/revisions"}],"predecessor-version":[{"id":790,"href":"https:\/\/udibh.com.br\/index.php?rest_route=\/wp\/v2\/pages\/663\/revisions\/790"}],"wp:attachment":[{"href":"https:\/\/udibh.com.br\/index.php?rest_route=%2Fwp%2Fv2%2Fmedia&parent=663"}],"curies":[{"name":"wp","href":"https:\/\/api.w.org\/{rel}","templated":true}]}}